{"id":21,"date":"2014-01-17T09:42:48","date_gmt":"2014-01-17T09:42:48","guid":{"rendered":"http:\/\/albaalbergue.wordpress.com\/?page_id=21"},"modified":"2014-01-17T09:42:48","modified_gmt":"2014-01-17T09:42:48","slug":"quienes-somos","status":"publish","type":"page","link":"https:\/\/www.albaonline.org\/blog\/quienes-somos\/","title":{"rendered":"\u00bfQui\u00e9nes somos?"},"content":{"rendered":"<p><strong><a href=\"http:\/\/www.albaonline.org\/blog\/wp-content\/uploads\/logo-facebook-1.jpg\"><img loading=\"lazy\" decoding=\"async\" class=\" wp-image-18 alignleft\" alt=\"Logo facebook 1\" src=\"http:\/\/www.albaonline.org\/blog\/wp-content\/uploads\/logo-facebook-1.jpg?w=300\" width=\"189\" height=\"189\" srcset=\"https:\/\/www.albaonline.org\/blog\/wp-content\/uploads\/logo-facebook-1.jpg 1076w, https:\/\/www.albaonline.org\/blog\/wp-content\/uploads\/logo-facebook-1-150x150.jpg 150w, https:\/\/www.albaonline.org\/blog\/wp-content\/uploads\/logo-facebook-1-300x300.jpg 300w, https:\/\/www.albaonline.org\/blog\/wp-content\/uploads\/logo-facebook-1-768x770.jpg 768w, https:\/\/www.albaonline.org\/blog\/wp-content\/uploads\/logo-facebook-1-1021x1024.jpg 1021w\" sizes=\"auto, (max-width: 189px) 85vw, 189px\" \/><\/a>A.L.B.A. (ASOCIACI\u00d3N PARA LA LIBERACI\u00d3N Y EL BIENESTAR ANIMAL) es una O.N.G<\/strong>. cuya finalidad es defender los derechos de los animales luchando a favor de su protecci\u00f3n y bienestar. Fue constituida el d\u00eda 22 de marzo de 1.998, si bien sus socios fundadores ven\u00edan colaborando mucho antes con otras asociaciones de protecci\u00f3n animal.<br \/>\nSe trata de una Asociaci\u00f3n sin \u00e1nimo de lucro, debidamente inscrita en el Registro de Asociaciones de la Comunidad de Madrid, al amparo de la legislaci\u00f3n auton\u00f3mica, de la vigente Ley 191\/64 de 24 de Diciembre y del Art. 22 de la Constituci\u00f3n Espa\u00f1ola. Adem\u00e1s, ostenta el titulo de Entidad Colaboradora de la Comunidad de Madrid, con el n\u00famero C-028-CM, desde el 16 de julio de 1.998.<\/p>\n<p><strong>Pretende cumplir los siguiente objetivos:<\/strong><\/p>\n<p><strong>1:.-<\/strong> Luchar contra el abandono y maltrato de los animales, a trav\u00e9s de distintas v\u00edas, tales como la concienciaci\u00f3n social, partiendo fundamentalmente de los m\u00e1s j\u00f3venes, para lo cual se organizar\u00e1n coloquios y charlas en colegios e institutos, distribuyendo informaci\u00f3n en exposiciones o cualesquiera otros foros que pudieran ser id\u00f3neos.<\/p>\n<p><strong>2:.-<\/strong> Evitar la utilizaci\u00f3n de animales en espect\u00e1culos, peleas, fiestas o cualesquiera otra actividad que implique crueldad, maltrato, vejaci\u00f3n, sometimiento a estr\u00e9s o les haga objeto de tratamientos inadecuados o antinaturales.<\/p>\n<p><strong>3:.-<\/strong> Presentar denuncias ante las instancias oportunas (Comunidad de Madrid o Jurisdicci\u00f3n Penal) o informar sobre cual sea el cauce m\u00e1s adecuado, as\u00ed como el procedimiento a seguir en los supuestos de maltrato y\/o abandono todo ello a trav\u00e9s de nuestro Gabinete Jur\u00eddico. Igualmente asesoraremos sobre cualquier duda respecto de la Legislaci\u00f3n sobre Protecci\u00f3n Animal y sobre la tenencia de animales dom\u00e9sticos<\/p>\n<p><strong>4:.-<\/strong> Fomentar las adopciones de animales dom\u00e9sticos en centros de recogida y perreras municipales, d\u00e1ndoles una segunda oportunidad de tener un vida digna, para lo cual se informar\u00e1 sobre las ventajas de adoptar un animal adulto e igualmente se publicar\u00e1n anuncios en revistas, art\u00edculos de prensa, se participar\u00e1 en programas de televisi\u00f3n o radio etc., todo ello de manera gratuita, al carecer la Asociaci\u00f3n de recursos econ\u00f3micos.<\/p>\n<p><strong>5:.-<\/strong> Realizar y promover campa\u00f1as de esterilizaci\u00f3n para evitar la reproducci\u00f3n descontrolada que conduce inexorablemente a la superpoblaci\u00f3n y al abandono. A este respecto y paralelamente se divulgar\u00e1n, por el servicio veterinario de la Asociaci\u00f3n, las ventajas que proporciona la esterilizaci\u00f3n a nuestros animales de compan\u00eda, tales como la prevenci\u00f3n de tumores de mama en las hembras y de problemas de pr\u00f3stata en los machos.<\/p>\n<p><strong>Para cumplir con estos objetivos A.L.B.A. desarrolla el siguiente plan de trabajo:<\/strong><\/p>\n<p><strong>1:.- <\/strong>Todos los animales recogidos ser\u00e1n controlados sanitariamente por un equipo compuesto por un veterinario y un auxiliar :Realiz\u00e1ndose anal\u00edticas en colaboraci\u00f3n con la Facultad Veterinaria de la Comunidad de Madrid:<\/p>\n<p><strong>&#8211; Perros:<\/strong> An\u00e1lisis de Leishmaniosis y Ehrliquiosis.<\/p>\n<p><strong>&#8211; Gatos:<\/strong> An\u00e1lisis de Leucemia e Inmunodeficiencia.<\/p>\n<p>Procediendose a su vacunaci\u00f3n y desparasitaci\u00f3n externa e interna.<\/p>\n<p><strong>2:.-<\/strong> Transcurrido el periodo de \u00abcuarentena\u00bb y pasado el plazo previsto en la ley, (19 o 10 dias dependiendo de si est\u00e1 o no identificado), durante el cual el animal puede ser reclamado por su dueno, aquel pasa a la fase de adopci\u00f3n.<\/p>\n<p><strong>3:.-<\/strong> Los futuros adoptantes se comprometen, mediante la firma del oportuno documento, a prestar al animal adoptado todos los cuidados necesarios tales como correcta alimentaci\u00f3n, tratamiento veterinario, igualmente se comprometen a no someterlo a tratos crueles o vejatorios o inadecuados, reserv\u00e1ndose A.L.B.A. el derecho de inspeccionar las condiciones de vida del animal adoptado y la facultad de ejercitar la reserva de dominio que sobre el mismo ostenta, si aquellas no le parecieren adecuadas.<\/p>\n<p><strong>4:.-<\/strong> El animal en el momento de su adopci\u00f3n, se identifica mediante microchip y se vacuna de la rabia, entreg\u00e1ndose debidamente esterilizado, corriendo los gastos de esterilizaci\u00f3n a cargo de A.L.B.A., para evitar la superpoblaci\u00f3n y su consecuencia inexorable, el abandono.<\/p>\n<p><strong>5:.-<\/strong> Los animales que no sean adoptados permanecer\u00e1n de por vida bajo la custodia de A.L.B.A., por ese motivo se gestiona un plan de apadrinamiento, para que las personas amantes de los animales pero que por diversas circunstancias no pueden tener uno en casa, puedan hacerse responsables de alguno de estos animales, disfrutando del mismo, sac\u00e1ndole a pasear, jugando con \u00e9l y, en definitiva, mejorar su calidad de vida, para lo cual pagar\u00e1n una cuota mensual que ayude a su mantenimiento y podr\u00e1n efectuar el seguimiento del mismo desde la recogida por A.L.B.A. hasta su adopci\u00f3n.<\/p>\n<p>Tambi\u00e9n en esta l\u00ednea se ha elaborado un proyecto para conseguir voluntarios que acojan en sus hogares a los animales que est\u00e1n en fase de adopci\u00f3n, teniendo prioridad para este proyecto aquellos que hayan sido maltratados o padezcan alg\u00fan tipo de trauma y por ello necesiten una terapia que les haga olvidar el miedo y les permita confiar de nuevo en el hombre.<\/p>\n<p><strong>6:.-<\/strong> \u00danicamente ser\u00e1n sacrificados bajo criterio veterinario los animales que se encuentren en alguna de las siguientes situaciones:<\/p>\n<p>. Animales atropellados o enfermos que no tengan salvaci\u00f3n y no disfruten de un nivel de vida adecuado.<\/p>\n<p>. Animales que sufran enfermedades infectocontagiosas de dif\u00edcil curaci\u00f3n o tratamiento, que pongan en peligro la salud de los dem\u00e1s animales.<\/p>\n<p>El sacrificio se realizar\u00e1 por un veterinario mediante inyecci\u00f3n intravenosa de Pentothal.<\/p>\n<p>A.L.B.A. tiene alquilado un terreno, en las proximidades de Alcal\u00e1 de Henares, en el que gestiona un centro de acogida de animales abandonados, fundamentalmente perros y gatos, que esperan ser adoptados por personas responsables y amantes de los animales. Dicho centro tiene una capacidad para unos sesenta perros y cuarenta gatos que est\u00e1n permanentemente atendidos por una persona que vive en la finca, asi como por todos los socios fundadores y numerosos voluntarios de la asociaci\u00f3n.<\/p>\n<p>A.L.B.A. se financia, b\u00e1sicamente, a trav\u00e9s de aportaciones econ\u00f3micas particulares, si bien, se ha recibido alguna subvenci\u00f3n por parte de la Comunidad de Madrid destinada a la esterilizaci\u00f3n de animales abandonados y colonias de gatos callejeros.<\/p>\n<p>SI DECIDES PRESTARNOS TU AYUDA, te adjuntamos un impreso para que colabores con A.L.B.A. en el cumplimiento de sus objetivos, puedes colaborar haci\u00e9ndote socio, apadrinando uno o m\u00e1s animales o de cualquier otra manera que se te ocurra.<\/p>\n<p><strong>Tendr\u00e1n m\u00e1s informaci\u00f3n llamando al Tfo.: 609.29.19.30<\/strong><\/p>\n<p>Tambi\u00e9n puedes remitirnos tus ideas o sugerencias al<br \/>\nApartado de Correos n: 59117 (28080- Madrid)<\/p>\n","protected":false},"excerpt":{"rendered":"<p>A.L.B.A. (ASOCIACI\u00d3N PARA LA LIBERACI\u00d3N Y EL BIENESTAR ANIMAL) es una O.N.G. cuya finalidad es defender los derechos de los animales luchando a favor de su protecci\u00f3n y bienestar. Fue constituida el d\u00eda 22 de marzo de 1.998, si bien sus socios fundadores ven\u00edan colaborando mucho antes con otras asociaciones de protecci\u00f3n animal. Se trata &hellip; <a href=\"https:\/\/www.albaonline.org\/blog\/quienes-somos\/\" class=\"more-link\">Continuar leyendo<span class=\"screen-reader-text\"> \u00ab\u00bfQui\u00e9nes somos?\u00bb<\/span><\/a><\/p>\n","protected":false},"author":2,"featured_media":18,"parent":0,"menu_order":0,"comment_status":"open","ping_status":"open","template":"","meta":{"footnotes":""},"class_list":["post-21","page","type-page","status-publish","has-post-thumbnail","hentry"],"yoast_head":"<!-- This site is optimized with the Yoast SEO plugin v27.3 - https:\/\/yoast.com\/product\/yoast-seo-wordpress\/ -->\n<title>\u00bfQui\u00e9nes somos? - el blog de Alba Online<\/title>\n<meta name=\"robots\" content=\"index, follow, max-snippet:-1, max-image-preview:large, max-video-preview:-1\" \/>\n<link rel=\"canonical\" href=\"https:\/\/www.albaonline.org\/blog\/quienes-somos\/\" \/>\n<meta property=\"og:locale\" content=\"es_ES\" \/>\n<meta property=\"og:type\" content=\"article\" \/>\n<meta property=\"og:title\" content=\"\u00bfQui\u00e9nes somos? - el blog de Alba Online\" \/>\n<meta property=\"og:description\" content=\"A.L.B.A. (ASOCIACI\u00d3N PARA LA LIBERACI\u00d3N Y EL BIENESTAR ANIMAL) es una O.N.G. cuya finalidad es defender los derechos de los animales luchando a favor de su protecci\u00f3n y bienestar. Fue constituida el d\u00eda 22 de marzo de 1.998, si bien sus socios fundadores ven\u00edan colaborando mucho antes con otras asociaciones de protecci\u00f3n animal. Se trata &hellip; Continuar leyendo &quot;\u00bfQui\u00e9nes somos?&quot;\" \/>\n<meta property=\"og:url\" content=\"https:\/\/www.albaonline.org\/blog\/quienes-somos\/\" \/>\n<meta property=\"og:site_name\" content=\"el blog de Alba Online\" \/>\n<meta property=\"og:image\" content=\"https:\/\/www.albaonline.org\/blog\/wp-content\/uploads\/logo-facebook-1.jpg\" \/>\n\t<meta property=\"og:image:width\" content=\"1076\" \/>\n\t<meta property=\"og:image:height\" content=\"1079\" \/>\n\t<meta property=\"og:image:type\" content=\"image\/jpeg\" \/>\n<meta name=\"twitter:card\" content=\"summary_large_image\" \/>\n<meta name=\"twitter:label1\" content=\"Tiempo de lectura\" \/>\n\t<meta name=\"twitter:data1\" content=\"6 minutos\" \/>\n<script type=\"application\/ld+json\" class=\"yoast-schema-graph\">{\"@context\":\"https:\\\/\\\/schema.org\",\"@graph\":[{\"@type\":\"WebPage\",\"@id\":\"https:\\\/\\\/www.albaonline.org\\\/blog\\\/quienes-somos\\\/\",\"url\":\"https:\\\/\\\/www.albaonline.org\\\/blog\\\/quienes-somos\\\/\",\"name\":\"\u00bfQui\u00e9nes somos? - el blog de Alba Online\",\"isPartOf\":{\"@id\":\"https:\\\/\\\/www.albaonline.org\\\/blog\\\/#website\"},\"primaryImageOfPage\":{\"@id\":\"https:\\\/\\\/www.albaonline.org\\\/blog\\\/quienes-somos\\\/#primaryimage\"},\"image\":{\"@id\":\"https:\\\/\\\/www.albaonline.org\\\/blog\\\/quienes-somos\\\/#primaryimage\"},\"thumbnailUrl\":\"https:\\\/\\\/www.albaonline.org\\\/blog\\\/wp-content\\\/uploads\\\/logo-facebook-1.jpg\",\"datePublished\":\"2014-01-17T09:42:48+00:00\",\"breadcrumb\":{\"@id\":\"https:\\\/\\\/www.albaonline.org\\\/blog\\\/quienes-somos\\\/#breadcrumb\"},\"inLanguage\":\"es\",\"potentialAction\":[{\"@type\":\"ReadAction\",\"target\":[\"https:\\\/\\\/www.albaonline.org\\\/blog\\\/quienes-somos\\\/\"]}]},{\"@type\":\"ImageObject\",\"inLanguage\":\"es\",\"@id\":\"https:\\\/\\\/www.albaonline.org\\\/blog\\\/quienes-somos\\\/#primaryimage\",\"url\":\"https:\\\/\\\/www.albaonline.org\\\/blog\\\/wp-content\\\/uploads\\\/logo-facebook-1.jpg\",\"contentUrl\":\"https:\\\/\\\/www.albaonline.org\\\/blog\\\/wp-content\\\/uploads\\\/logo-facebook-1.jpg\",\"width\":1076,\"height\":1079},{\"@type\":\"BreadcrumbList\",\"@id\":\"https:\\\/\\\/www.albaonline.org\\\/blog\\\/quienes-somos\\\/#breadcrumb\",\"itemListElement\":[{\"@type\":\"ListItem\",\"position\":1,\"name\":\"Portada\",\"item\":\"https:\\\/\\\/www.albaonline.org\\\/blog\\\/\"},{\"@type\":\"ListItem\",\"position\":2,\"name\":\"\u00bfQui\u00e9nes somos?\"}]},{\"@type\":\"WebSite\",\"@id\":\"https:\\\/\\\/www.albaonline.org\\\/blog\\\/#website\",\"url\":\"https:\\\/\\\/www.albaonline.org\\\/blog\\\/\",\"name\":\"el blog de Alba Online\",\"description\":\"Asociaci\u00f3n para la liberaci\u00f3n y bienestar animal\",\"publisher\":{\"@id\":\"https:\\\/\\\/www.albaonline.org\\\/blog\\\/#organization\"},\"potentialAction\":[{\"@type\":\"SearchAction\",\"target\":{\"@type\":\"EntryPoint\",\"urlTemplate\":\"https:\\\/\\\/www.albaonline.org\\\/blog\\\/?s={search_term_string}\"},\"query-input\":{\"@type\":\"PropertyValueSpecification\",\"valueRequired\":true,\"valueName\":\"search_term_string\"}}],\"inLanguage\":\"es\"},{\"@type\":\"Organization\",\"@id\":\"https:\\\/\\\/www.albaonline.org\\\/blog\\\/#organization\",\"name\":\"el blog de Alba Online\",\"url\":\"https:\\\/\\\/www.albaonline.org\\\/blog\\\/\",\"logo\":{\"@type\":\"ImageObject\",\"inLanguage\":\"es\",\"@id\":\"https:\\\/\\\/www.albaonline.org\\\/blog\\\/#\\\/schema\\\/logo\\\/image\\\/\",\"url\":\"https:\\\/\\\/www.albaonline.org\\\/blog\\\/wp-content\\\/uploads\\\/logo.png\",\"contentUrl\":\"https:\\\/\\\/www.albaonline.org\\\/blog\\\/wp-content\\\/uploads\\\/logo.png\",\"width\":124,\"height\":80,\"caption\":\"el blog de Alba Online\"},\"image\":{\"@id\":\"https:\\\/\\\/www.albaonline.org\\\/blog\\\/#\\\/schema\\\/logo\\\/image\\\/\"}}]}<\/script>\n<!-- \/ Yoast SEO plugin. -->","yoast_head_json":{"title":"\u00bfQui\u00e9nes somos? - el blog de Alba Online","robots":{"index":"index","follow":"follow","max-snippet":"max-snippet:-1","max-image-preview":"max-image-preview:large","max-video-preview":"max-video-preview:-1"},"canonical":"https:\/\/www.albaonline.org\/blog\/quienes-somos\/","og_locale":"es_ES","og_type":"article","og_title":"\u00bfQui\u00e9nes somos? - el blog de Alba Online","og_description":"A.L.B.A. (ASOCIACI\u00d3N PARA LA LIBERACI\u00d3N Y EL BIENESTAR ANIMAL) es una O.N.G. cuya finalidad es defender los derechos de los animales luchando a favor de su protecci\u00f3n y bienestar. Fue constituida el d\u00eda 22 de marzo de 1.998, si bien sus socios fundadores ven\u00edan colaborando mucho antes con otras asociaciones de protecci\u00f3n animal. Se trata &hellip; Continuar leyendo \"\u00bfQui\u00e9nes somos?\"","og_url":"https:\/\/www.albaonline.org\/blog\/quienes-somos\/","og_site_name":"el blog de Alba Online","og_image":[{"width":1076,"height":1079,"url":"https:\/\/www.albaonline.org\/blog\/wp-content\/uploads\/logo-facebook-1.jpg","type":"image\/jpeg"}],"twitter_card":"summary_large_image","twitter_misc":{"Tiempo de lectura":"6 minutos"},"schema":{"@context":"https:\/\/schema.org","@graph":[{"@type":"WebPage","@id":"https:\/\/www.albaonline.org\/blog\/quienes-somos\/","url":"https:\/\/www.albaonline.org\/blog\/quienes-somos\/","name":"\u00bfQui\u00e9nes somos? - el blog de Alba Online","isPartOf":{"@id":"https:\/\/www.albaonline.org\/blog\/#website"},"primaryImageOfPage":{"@id":"https:\/\/www.albaonline.org\/blog\/quienes-somos\/#primaryimage"},"image":{"@id":"https:\/\/www.albaonline.org\/blog\/quienes-somos\/#primaryimage"},"thumbnailUrl":"https:\/\/www.albaonline.org\/blog\/wp-content\/uploads\/logo-facebook-1.jpg","datePublished":"2014-01-17T09:42:48+00:00","breadcrumb":{"@id":"https:\/\/www.albaonline.org\/blog\/quienes-somos\/#breadcrumb"},"inLanguage":"es","potentialAction":[{"@type":"ReadAction","target":["https:\/\/www.albaonline.org\/blog\/quienes-somos\/"]}]},{"@type":"ImageObject","inLanguage":"es","@id":"https:\/\/www.albaonline.org\/blog\/quienes-somos\/#primaryimage","url":"https:\/\/www.albaonline.org\/blog\/wp-content\/uploads\/logo-facebook-1.jpg","contentUrl":"https:\/\/www.albaonline.org\/blog\/wp-content\/uploads\/logo-facebook-1.jpg","width":1076,"height":1079},{"@type":"BreadcrumbList","@id":"https:\/\/www.albaonline.org\/blog\/quienes-somos\/#breadcrumb","itemListElement":[{"@type":"ListItem","position":1,"name":"Portada","item":"https:\/\/www.albaonline.org\/blog\/"},{"@type":"ListItem","position":2,"name":"\u00bfQui\u00e9nes somos?"}]},{"@type":"WebSite","@id":"https:\/\/www.albaonline.org\/blog\/#website","url":"https:\/\/www.albaonline.org\/blog\/","name":"el blog de Alba Online","description":"Asociaci\u00f3n para la liberaci\u00f3n y bienestar animal","publisher":{"@id":"https:\/\/www.albaonline.org\/blog\/#organization"},"potentialAction":[{"@type":"SearchAction","target":{"@type":"EntryPoint","urlTemplate":"https:\/\/www.albaonline.org\/blog\/?s={search_term_string}"},"query-input":{"@type":"PropertyValueSpecification","valueRequired":true,"valueName":"search_term_string"}}],"inLanguage":"es"},{"@type":"Organization","@id":"https:\/\/www.albaonline.org\/blog\/#organization","name":"el blog de Alba Online","url":"https:\/\/www.albaonline.org\/blog\/","logo":{"@type":"ImageObject","inLanguage":"es","@id":"https:\/\/www.albaonline.org\/blog\/#\/schema\/logo\/image\/","url":"https:\/\/www.albaonline.org\/blog\/wp-content\/uploads\/logo.png","contentUrl":"https:\/\/www.albaonline.org\/blog\/wp-content\/uploads\/logo.png","width":124,"height":80,"caption":"el blog de Alba Online"},"image":{"@id":"https:\/\/www.albaonline.org\/blog\/#\/schema\/logo\/image\/"}}]}},"_links":{"self":[{"href":"https:\/\/www.albaonline.org\/blog\/wp-json\/wp\/v2\/pages\/21","targetHints":{"allow":["GET"]}}],"collection":[{"href":"https:\/\/www.albaonline.org\/blog\/wp-json\/wp\/v2\/pages"}],"about":[{"href":"https:\/\/www.albaonline.org\/blog\/wp-json\/wp\/v2\/types\/page"}],"author":[{"embeddable":true,"href":"https:\/\/www.albaonline.org\/blog\/wp-json\/wp\/v2\/users\/2"}],"replies":[{"embeddable":true,"href":"https:\/\/www.albaonline.org\/blog\/wp-json\/wp\/v2\/comments?post=21"}],"version-history":[{"count":0,"href":"https:\/\/www.albaonline.org\/blog\/wp-json\/wp\/v2\/pages\/21\/revisions"}],"wp:featuredmedia":[{"embeddable":true,"href":"https:\/\/www.albaonline.org\/blog\/wp-json\/wp\/v2\/media\/18"}],"wp:attachment":[{"href":"https:\/\/www.albaonline.org\/blog\/wp-json\/wp\/v2\/media?parent=21"}],"curies":[{"name":"wp","href":"https:\/\/api.w.org\/{rel}","templated":true}]}}